{"id":45,"date":"2026-05-12T03:28:36","date_gmt":"2026-05-12T01:28:36","guid":{"rendered":"https:\/\/stongdal.se\/?page_id=45"},"modified":"2026-05-12T04:16:21","modified_gmt":"2026-05-12T02:16:21","slug":"ironman-kalmar-sweden-serien","status":"publish","type":"page","link":"https:\/\/stongdal.se\/?page_id=45","title":{"rendered":"Ironman Kalmar Sweden"},"content":{"rendered":"\n<p>1994 arrangerades f\u00f6r f\u00f6rsta g\u00e5ngen ett triathlon p\u00e5 j\u00e4rnmannen-distans i Kalmar. Det f\u00f6rsta och enda loppet p\u00e5 den distansen i Sverige.<br><br>2012 k\u00f6pte v\u00e4rldstriathlonf\u00f6rbundet Kalmar triathlon och gjorde om det till ett officiellt och internationellt Ironman-lopp. 2014 var f\u00f6rsta \u00e5ret som Stongdal Media filmade t\u00e4vlingen, d\u00e5 under varum\u00e4rket Assar03.<\/p>\n\n\n\n<p>P\u00e5 den h\u00e4r sidan kan du hitta generell information om det journalistiska arbetet kring Ironman samt de videoproduktioner Stongdal Media gjort genom \u00e5ren.<\/p>\n\n\n\n<h2 class=\"wp-block-heading\">Generellt om Stongdal Media och Ironman<\/h2>\n\n\n\n<p>Stongdal Media \u00e4r en journalistisk verksamhet, som \u00e4ven definieras i styrdokumentet Enhetsf\u00f6rordningens 7 kap 2\u00a7. Med journalistisk verksamhet avses s\u00e5dan verksamhet som dokumenterar och diskuterar fakta om v\u00e4rlden, m\u00e4nniskors liv och \u00f6den, samt aktiviteter som innefattar andra m\u00e4nniskor.<br><br>Stongdal Media \u00e4r inte n\u00e5gon officell sponsor eller partner med Ironman Sweden. Stongdal Media g\u00f6r inte n\u00e5got som helst anspr\u00e5k p\u00e5 Ironmans varum\u00e4rke eller kan tala f\u00f6r hur deras varum\u00e4rke f\u00e5r anv\u00e4ndas. F\u00f6r fr\u00e5gor om detta h\u00e4nvisas till <a href=\"https:\/\/www.ironman.com\/about\/press-info\/brand-guidelines\">Ironmans varum\u00e4rkes-riktlinjer<\/a><\/p>\n\n\n\n<p>Stongdal Medias filmer anv\u00e4nder \u00e4ven ljud fr\u00e5n <a href=\"https:\/\/www.epidemicsound.com\">Epidemic Sound<\/a>. Den musik som publicerats d\u00e4r har inh\u00e4mtats med licens och tillh\u00f6r respektive upphovsr\u00e4ttsinnehavare. Fr\u00e5gor som r\u00f6r den anv\u00e4nda musiken h\u00e4nvisas till <a href=\"https:\/\/www.epidemicsound.com\">Epidemic Sound<\/a>.<\/p>\n\n\n\n<h2 class=\"wp-block-heading\">Upphovsr\u00e4tt<\/h2>\n\n\n\n<p>Alla produktioner som Stongdal Media har publicerat \u00e4r skyddade av upphovsr\u00e4tt, \u00e4ven av enskilda fotografer. Du har r\u00e4tt att anv\u00e4nda och dela mitt inneh\u00e5ll till viss f\u00f6rbeh\u00e5llning.<\/p>\n\n\n\n<p><strong>Som privatperson, f\u00f6rening eller f\u00f6retag<\/strong> i ett icke vinstdrivande intresse har du fritt fram att dela, g\u00f6ra remixar och sprida materialet p\u00e5 dina sociala medier. Du f\u00e5r \u00e4ven anv\u00e4nda materialet om du vill j\u00e4mf\u00f6ra annat inneh\u00e5ll och rikta kritik eller synpunkter mot mitt material. Om detta sker utanf\u00f6r Stongdal Medias kanaler, ska det framg\u00e5 att original-k\u00e4llan \u00e4r Stongdal Media, med l\u00e4nk till originalproduktionen. Du har r\u00e4tt att \u00e4ven anv\u00e4nda min logotyp f\u00f6r att f\u00f6rtydliga produktionen kommer fr\u00e5n Stongdal Media.<\/p>\n\n\n\n<p><br><strong>I nyhetssyfte, n\u00e4r du till exempel representerar en nyhetsk\u00e4lla, blogg, tidning, radio- eller tvstation<\/strong> f\u00e5r du anv\u00e4nda delar av mitt material f\u00f6r din egen bevakning. Med nyhetsbevakning innefattar att du exempelvis sj\u00e4lv debatterar mitt inneh\u00e5ll, skriver kr\u00f6nikor eller artiklar d\u00e4r mitt underlag diskuteras eller anv\u00e4nds som exempel eller att du g\u00f6r reportage d\u00e4r inneh\u00e5llet anv\u00e4nds i journalistiskt syfte. Du f\u00e5r anv\u00e4nda materialet om du vill g\u00f6ra reportage om, j\u00e4mf\u00f6ra eller rikta kritik mot Stongdal Media. Kravet \u00e4r att det tydligt framg\u00e5r p\u00e5 de bilder som visas att k\u00e4llan \u00e4r Stongdal Media.<\/p>\n\n\n\n<p><br><strong>I kommersiellt syfte, d\u00e4r du avser att tj\u00e4na pengar p\u00e5 mitt material, eller i marknadsf\u00f6ring av egen verksamhet<\/strong> beh\u00f6ver du i f\u00f6rv\u00e4g kontakta mig f\u00f6r att f\u00f6rklara din avsikt f\u00f6r att f\u00e5 tillst\u00e5nd. Som huvudregel om du avser att tj\u00e4na pengar genom en kommersiell produkt d\u00e4r mitt material anv\u00e4nds kan ekonomisk ers\u00e4ttning komma att bli aktuellt.<\/p>\n\n\n\n<p><br><strong>F\u00f6r utbildningssyften och examination vid universitet, h\u00f6gskolor, gymnasium<\/strong>, har du alltid r\u00e4tt att anv\u00e4nda mitt material om det tydligt framg\u00e5r att k\u00e4llan \u00e4r Stongdal Media. D\u00e5 f\u00e5r prova att sj\u00e4lv g\u00f6ra andra versioner eller f\u00f6rb\u00e4ttra saker s\u00e5 l\u00e4nge det sker i utbildningssyfte. Publicerar du materialet p\u00e5 egen webb eller sociala medier efter studier, m\u00e5ste det \u00e4ven framg\u00e5 att Stongdal Media \u00e4r k\u00e4lla och med l\u00e4nk till original-produktionen. Avser du att tj\u00e4na pengar p\u00e5 produktionen, anses detta vara kommersiellt syfte enligt tredje punkten.<br><strong>OBS!<\/strong> Detta \u00e4r bara ett p\u00e5pekande att du enligt upphovsr\u00e4tten har r\u00e4tt att anv\u00e4nda mitt material f\u00f6r din uppgift. Det \u00e4r viktigt att du sj\u00e4lv fr\u00e5gar din examinator om du har r\u00e4tt att anv\u00e4nda annat material f\u00f6r just din examination eller om den exempelvis bygger p\u00e5 att du sj\u00e4lvst\u00e4ndigt producerar inneh\u00e5ll. Stongdal Media kan inte ta ansvar f\u00f6r disciplin\u00e4ra f\u00f6ljder som f\u00f6ljer av att du anv\u00e4nder material fr\u00e5n v\u00e5ra kanaler, n\u00e4r detta inte \u00e4r till\u00e5tet av examinationssk\u00e4l.<br><br>Os\u00e4ker p\u00e5 var av ovan du hamnar, eller bara n\u00e5got du vill ha f\u00f6rtydligat? H\u00f6r av dig i kontaktuppgifterna eller p\u00e5 sociala medier. Jag hj\u00e4lper dig g\u00e4rna och f\u00f6rtydligar mina \u00f6nskem\u00e5l.<\/p>\n\n\n\n<h2 class=\"wp-block-heading\">Lyssna p\u00e5 musiken p\u00e5 Spotify<\/h2>\n\n\n\n<figure class=\"wp-block-embed is-type-rich is-provider-spotify wp-block-embed-spotify wp-embed-aspect-21-9 wp-has-aspect-ratio\"><div class=\"wp-block-embed__wrapper\">\n<iframe title=\"Spotify Embed: Stongdal Medias Ironman Kalmar Sweden series\" style=\"border-radius: 12px\" width=\"100%\" height=\"352\" frameborder=\"0\" allowfullscreen allow=\"autoplay; clipboard-write; encrypted-media; fullscreen; picture-in-picture\" loading=\"lazy\" src=\"https:\/\/open.spotify.com\/embed\/playlist\/157EzI7S56MnLR9aKMzk06?si=f219ab24ed324f4b&amp;utm_source=oembed\"><\/iframe>\n<\/div><\/figure>\n\n\n\n<h2 class=\"wp-block-heading\">Produktioner genom \u00e5ren<\/h2>\n\n\n\n<p><strong>2025<\/strong><\/p>\n\n\n\n<p>Den \u00e5ttonde produktionen ber\u00e4ttade om den starka k\u00e4nslan av att k\u00e4nna sig f\u00f6dd p\u00e5 nytt, hur underbart det k\u00e4nns medan man lever det b\u00e4sta, samt hur det k\u00e4nns n\u00e4r det var \u00f6ver och hoppas det var en sj\u00e4lv som var vald.<\/p>\n\n\n\n<figure class=\"wp-block-embed is-type-video is-provider-youtube wp-block-embed-youtube wp-embed-aspect-16-9 wp-has-aspect-ratio\"><div class=\"wp-block-embed__wrapper\">\n<iframe loading=\"lazy\" title=\"Ironman Kalmar Sweden 2025\" width=\"950\" height=\"534\" src=\"https:\/\/www.youtube.com\/embed\/rKHwxGll6LM?feature=oembed\" frameborder=\"0\" allow=\"accelerometer; autoplay; clipboard-write; encrypted-media; gyroscope; picture-in-picture; web-share\" referrerpolicy=\"strict-origin-when-cross-origin\" allowfullscreen><\/iframe>\n<\/div><\/figure>\n\n\n\n<p><strong>2024<\/strong><\/p>\n\n\n\n<p>Tio \u00e5r av Ironman Kalmar Sweden-produktioner. Temat f\u00f6r det h\u00e4r \u00e5ret var den fantastiska platsen och destinationen Kalmar. Det h\u00e4r \u00e5ret satsade jag p\u00e5 att ber\u00e4tta om de underbara milj\u00f6er som atleterna f\u00e5r bes\u00f6ka.<\/p>\n\n\n\n<figure class=\"wp-block-embed is-type-video is-provider-youtube wp-block-embed-youtube wp-embed-aspect-16-9 wp-has-aspect-ratio\"><div class=\"wp-block-embed__wrapper\">\n<iframe loading=\"lazy\" title=\"Ironman Kalmar Sweden 2024\" width=\"950\" height=\"534\" src=\"https:\/\/www.youtube.com\/embed\/r6Z7ylU6P4Q?feature=oembed\" frameborder=\"0\" allow=\"accelerometer; autoplay; clipboard-write; encrypted-media; gyroscope; picture-in-picture; web-share\" referrerpolicy=\"strict-origin-when-cross-origin\" allowfullscreen><\/iframe>\n<\/div><\/figure>\n\n\n\n<p><strong>2023<\/strong><\/p>\n\n\n\n<p>Publiken och den stora folkfesten. Efter \u00e4ndrade krav p\u00e5 mediepartners fr\u00e5n Ironman, fick \u00e5rets video en annan inriktning d\u00e4r fokus blev mer p\u00e5 publiken och festen runt om staden. Det h\u00e4r \u00e5ret var \u00e4ven f\u00f6rsta g\u00e5ngen som dr\u00f6nare anv\u00e4ndes i produktionen.<\/p>\n\n\n\n<figure class=\"wp-block-embed is-type-video is-provider-youtube wp-block-embed-youtube wp-embed-aspect-16-9 wp-has-aspect-ratio\"><div class=\"wp-block-embed__wrapper\">\n<iframe loading=\"lazy\" title=\"Ironman Kalmar Sweden 2023\" width=\"950\" height=\"534\" src=\"https:\/\/www.youtube.com\/embed\/TGbpeBQMkJk?feature=oembed\" frameborder=\"0\" allow=\"accelerometer; autoplay; clipboard-write; encrypted-media; gyroscope; picture-in-picture; web-share\" referrerpolicy=\"strict-origin-when-cross-origin\" allowfullscreen><\/iframe>\n<\/div><\/figure>\n\n\n\n<p><strong>2022<\/strong><\/p>\n\n\n\n<p>Superstyrkan i att tro p\u00e5 sig sj\u00e4lv. Efter tv\u00e5 \u00e5rs uppeh\u00e5ll \u00e5terv\u00e4nde Ironman Kalmar 2022. Filmen fick ett stort genomslag och \u00e4r en av de mest visade produktionerna inom hela Stongdal Media. Det var \u00e4ven f\u00f6rsta \u00e5ret jag hade flera extra fotografer l\u00e4ngs med banan. Bland annat fick tittaren f\u00f6r f\u00f6rsta g\u00e5ngen f\u00f6lja med till \u00d6land.<\/p>\n\n\n\n<p>Det h\u00e4r \u00e5ret filmade jag \u00e4ven delar av MiniTri, senare kallad Ironman 4:18:4.<\/p>\n\n\n\n<figure class=\"wp-block-embed is-type-video is-provider-youtube wp-block-embed-youtube wp-embed-aspect-16-9 wp-has-aspect-ratio\"><div class=\"wp-block-embed__wrapper\">\n<iframe loading=\"lazy\" title=\"Ironman Kalmar Sweden 2022\" width=\"950\" height=\"534\" src=\"https:\/\/www.youtube.com\/embed\/xIxUrRG_Itg?feature=oembed\" frameborder=\"0\" allow=\"accelerometer; autoplay; clipboard-write; encrypted-media; gyroscope; picture-in-picture; web-share\" referrerpolicy=\"strict-origin-when-cross-origin\" allowfullscreen><\/iframe>\n<\/div><\/figure>\n\n\n\n<figure class=\"wp-block-embed is-type-video is-provider-youtube wp-block-embed-youtube wp-embed-aspect-16-9 wp-has-aspect-ratio\"><div class=\"wp-block-embed__wrapper\">\n<iframe loading=\"lazy\" title=\"MiniTri Kalmar Sweden 2022\" width=\"950\" height=\"534\" src=\"https:\/\/www.youtube.com\/embed\/7F3-IwboomY?feature=oembed\" frameborder=\"0\" allow=\"accelerometer; autoplay; clipboard-write; encrypted-media; gyroscope; picture-in-picture; web-share\" referrerpolicy=\"strict-origin-when-cross-origin\" allowfullscreen><\/iframe>\n<\/div><\/figure>\n\n\n\n<p><strong>2020 &#8211; 2021<\/strong><\/p>\n\n\n\n<p>Likt alla andra stora h\u00e4ndelser runt om v\u00e4rlden, blev Ironman Kalmar Sweden 2020 och 2021 inst\u00e4llt till f\u00f6ljd av coronaviruspandemin.<\/p>\n\n\n\n<p><strong>2019<\/strong><\/p>\n\n\n\n<p>Efter tv\u00e5 \u00e5rs uppeh\u00e5ll med egna produktioner gjorde jag igen min egen Ironman-film. \u00c5rets tema var gemenskapen, hur alla ok\u00e4nda f\u00f6r varandra f\u00f6rts samman till en gemensam folkfest.<\/p>\n\n\n\n<figure class=\"wp-block-embed is-type-video is-provider-youtube wp-block-embed-youtube wp-embed-aspect-16-9 wp-has-aspect-ratio\"><div class=\"wp-block-embed__wrapper\">\n<iframe loading=\"lazy\" title=\"Ironman Kalmar Sweden 2019\" width=\"950\" height=\"534\" src=\"https:\/\/www.youtube.com\/embed\/hRAfQ9mmc00?feature=oembed\" frameborder=\"0\" allow=\"accelerometer; autoplay; clipboard-write; encrypted-media; gyroscope; picture-in-picture; web-share\" referrerpolicy=\"strict-origin-when-cross-origin\" allowfullscreen><\/iframe>\n<\/div><\/figure>\n\n\n\n<p><strong>2017 &#8211; 2018<\/strong><br>De h\u00e4r tv\u00e5 \u00e5ren var jag anst\u00e4lld av Kalmars lokaltidning Barometern. Som del av min anst\u00e4llning arbetade jag bland annat med Barometerns webb-tv om Ironman. D\u00e4rf\u00f6r fanns ingen tid att producera n\u00e5gra egna filmer.<\/p>\n\n\n\n<p><strong>2016<\/strong><\/p>\n\n\n\n<p>F\u00f6rsta \u00e5ret som mediepartner. Efter att ha filmat Ironman som publik tv\u00e5 g\u00e5nger blev jag beviljad ackreditering. \u00c5rets film t\u00e4ckte d\u00e4rf\u00f6r nya omr\u00e5den dit jag inte haft tilltr\u00e4de innan. Bland annat transistion-omr\u00e5det samt start och m\u00e5lg\u00e5ng. Temat f\u00f6r \u00e5rets film blev sporten och t\u00e4vlingen i sig.<\/p>\n\n\n\n<figure class=\"wp-block-embed is-type-video is-provider-youtube wp-block-embed-youtube wp-embed-aspect-16-9 wp-has-aspect-ratio\"><div class=\"wp-block-embed__wrapper\">\n<iframe loading=\"lazy\" title=\"Ironman Kalmar Sweden 2016\" width=\"950\" height=\"534\" src=\"https:\/\/www.youtube.com\/embed\/_Qi_F6h_LB8?feature=oembed\" frameborder=\"0\" allow=\"accelerometer; autoplay; clipboard-write; encrypted-media; gyroscope; picture-in-picture; web-share\" referrerpolicy=\"strict-origin-when-cross-origin\" allowfullscreen><\/iframe>\n<\/div><\/figure>\n\n\n\n<p><strong>2015<\/strong><\/p>\n\n\n\n<p>En nystart f\u00f6r min Ironman-serie. Det h\u00e4r \u00e5ret satsade jag p\u00e5 nytt att g\u00e5 ut och filma loppet, marknadsf\u00f6rt under namnet Stongdal Media. Hela kanalen och verksamheten hade f\u00e5tt ny inriktning mot journalistik, och detta p\u00e5verkade \u00e4ven \u00e5rets produktion. Fokus fr\u00e5n 2014 blev mer p\u00e5 loppet och den faktiska t\u00e4vlingen.<\/p>\n\n\n\n<figure class=\"wp-block-embed is-type-video is-provider-youtube wp-block-embed-youtube wp-embed-aspect-16-9 wp-has-aspect-ratio\"><div class=\"wp-block-embed__wrapper\">\n<iframe loading=\"lazy\" title=\"Ironman Kalmar Sweden 2015\" width=\"950\" height=\"534\" src=\"https:\/\/www.youtube.com\/embed\/e2Z5CXvkcLA?feature=oembed\" frameborder=\"0\" allow=\"accelerometer; autoplay; clipboard-write; encrypted-media; gyroscope; picture-in-picture; web-share\" referrerpolicy=\"strict-origin-when-cross-origin\" allowfullscreen><\/iframe>\n<\/div><\/figure>\n\n\n\n<p><strong>2014<\/strong><\/p>\n\n\n\n<p>\u00c5ret som blev premi\u00e4ren f\u00f6r min f\u00f6rsta allra Ironman-film. P\u00e5 den h\u00e4r tiden var kanalens fokus annorlunda fr\u00e5n dagens filmer. Att filma \u00e5rets Ironman-lopp var n\u00e5got jag inte hade planerat i f\u00f6rv\u00e4g och best\u00e4mde mig f\u00f6r att g\u00f6ra mest f\u00f6r att filma en st\u00f6rre h\u00e4ndelse i Kalmar.<\/p>\n\n\n\n<p>H\u00e4r kan du se en restaurerad version av Ironman 2014 och \u00e5teruppleva loppet.<\/p>\n\n\n\n<figure class=\"wp-block-embed is-type-video is-provider-youtube wp-block-embed-youtube wp-embed-aspect-16-9 wp-has-aspect-ratio\"><div class=\"wp-block-embed__wrapper\">\n<iframe loading=\"lazy\" title=\"Ironman Kalmar Sweden 2014\" width=\"950\" height=\"534\" src=\"https:\/\/www.youtube.com\/embed\/Ynzz0Zp-lvA?feature=oembed\" frameborder=\"0\" allow=\"accelerometer; autoplay; clipboard-write; encrypted-media; gyroscope; picture-in-picture; web-share\" referrerpolicy=\"strict-origin-when-cross-origin\" allowfullscreen><\/iframe>\n<\/div><\/figure>\n","protected":false},"excerpt":{"rendered":"<p>1994 arrangerades f\u00f6r f\u00f6rsta g\u00e5ngen ett triathlon p\u00e5 j\u00e4rnmannen-distans i Kalmar. Det f\u00f6rsta och enda loppet p\u00e5 den distansen i Sverige. 2012 k\u00f6pte v\u00e4rldstriathlonf\u00f6rbundet Kalmar triathlon och gjorde om det till ett officiellt och internationellt Ironman-lopp. 2014 var f\u00f6rsta \u00e5ret som Stongdal Media filmade t\u00e4vlingen, d\u00e5 under varum\u00e4rket Assar03. P\u00e5 den h\u00e4r sidan kan du &hellip; <\/p>\n<p class=\"link-more\"><a href=\"https:\/\/stongdal.se\/?page_id=45\" class=\"more-link\">Read more<span class=\"screen-reader-text\"> &#8220;Ironman Kalmar Sweden&#8221;<\/span><\/a><\/p>\n","protected":false},"author":1,"featured_media":59,"parent":0,"menu_order":0,"comment_status":"closed","ping_status":"closed","template":"","meta":{"inspiro_hide_title":false,"footnotes":""},"class_list":["post-45","page","type-page","status-publish","has-post-thumbnail","hentry"],"_links":{"self":[{"href":"https:\/\/stongdal.se\/index.php?rest_route=\/wp\/v2\/pages\/45","targetHints":{"allow":["GET"]}}],"collection":[{"href":"https:\/\/stongdal.se\/index.php?rest_route=\/wp\/v2\/pages"}],"about":[{"href":"https:\/\/stongdal.se\/index.php?rest_route=\/wp\/v2\/types\/page"}],"author":[{"embeddable":true,"href":"https:\/\/stongdal.se\/index.php?rest_route=\/wp\/v2\/users\/1"}],"replies":[{"embeddable":true,"href":"https:\/\/stongdal.se\/index.php?rest_route=%2Fwp%2Fv2%2Fcomments&post=45"}],"version-history":[{"count":8,"href":"https:\/\/stongdal.se\/index.php?rest_route=\/wp\/v2\/pages\/45\/revisions"}],"predecessor-version":[{"id":66,"href":"https:\/\/stongdal.se\/index.php?rest_route=\/wp\/v2\/pages\/45\/revisions\/66"}],"wp:featuredmedia":[{"embeddable":true,"href":"https:\/\/stongdal.se\/index.php?rest_route=\/wp\/v2\/media\/59"}],"wp:attachment":[{"href":"https:\/\/stongdal.se\/index.php?rest_route=%2Fwp%2Fv2%2Fmedia&parent=45"}],"curies":[{"name":"wp","href":"https:\/\/api.w.org\/{rel}","templated":true}]}}