{"id":67,"date":"2026-05-12T04:41:40","date_gmt":"2026-05-12T02:41:40","guid":{"rendered":"https:\/\/stongdal.se\/?page_id=67"},"modified":"2026-05-12T16:25:56","modified_gmt":"2026-05-12T14:25:56","slug":"egna-berattelser","status":"publish","type":"page","link":"https:\/\/stongdal.se\/?page_id=67","title":{"rendered":"Egna ber\u00e4ttelser"},"content":{"rendered":"\n<p>Under flera \u00e5rs tid har ett antal ber\u00e4ttelser tagit form. Mina f\u00f6rsta \u00e5r b\u00f6rjade jag en karri\u00e4r som f\u00f6rfattare innan jag gick \u00f6ver till videoproduktion. H\u00e4r f\u00e5r du veta mer om de originella ber\u00e4ttelser som jag skapat.<\/p>\n\n\n\n<h2 class=\"wp-block-heading\">Sinneskonflikten<\/h2>\n\n\n\n<p>Sinneskonflikten \u00e4r ett psykologiskt drama som utspelar sig i dr\u00f6mmarnas v\u00e4rld. Ber\u00e4ttelsen f\u00f6ljer tjugotv\u00e5\u00e5riga Jacob som lider av \u00e5terkommande mardr\u00f6mmar. Ber\u00e4ttelsen behandlar teman om att f\u00f6rst\u00e5 och acceptera sig sj\u00e4lv. Under ber\u00e4ttelsen introduceras Jacob och hans \u00e5terkommande mardr\u00f6mmar. Genom bes\u00f6k hos psykologen Patrik, l\u00e4r sig Jacob att ta kontroll \u00f6ver sina dr\u00f6mmar och konfrontera sin r\u00e4dsla. Efter n\u00e5gon veckas terapi ber\u00e4ttar Jacob om historien med Ellen som avled i en t\u00e5golycka ett \u00e5r tidigare.<\/p>\n\n\n\n<p>Den f\u00f6rsta versionen av ber\u00e4ttelsen producerades som en kortfilm \u00e5r 2014. Samma ber\u00e4ttelse finns \u00e4ven f\u00f6rfattad som novell. Julen 2015 skrevs ber\u00e4ttelsen om till ett filmmanus p\u00e5 cirka 10-15 minuter.<\/p>\n\n\n\n<p>Sedan h\u00f6sten 2023 skriver jag en romanversion av Sinneskonflikten. Romanen utforskar mer h\u00e4ndelser, bakgrunder, dr\u00f6mmar och introducerar ytterligare karrakt\u00e4rer.<\/p>\n\n\n\n<p><strong>Karakt\u00e4rer<\/strong><\/p>\n\n\n\n<h4 class=\"wp-block-heading\">Jacob<\/h4>\n\n\n\n<p>Ber\u00e4ttelsens huvudperson \u00e4r tjugotv\u00e5\u00e5riga Jacob som lider av \u00e5terkommande mardr\u00f6mmar. Mycket av Jacobs barndom \u00e4r ok\u00e4nd f\u00f6rutom att han beskrev sig sj\u00e4lv som en lugn och delvis utanf\u00f6r person under hela sin bardom.<\/p>\n\n\n\n<h4 class=\"wp-block-heading\">Patrik<\/h4>\n\n\n\n<p>Jacob psykolog heter Patrik. Han \u00e4r trettiofem \u00e5r och hj\u00e4lper Jacob att ta kontroll \u00f6ver sina dr\u00f6mmar.<\/p>\n\n\n\n<h4 class=\"wp-block-heading\">Ellen<\/h4>\n\n\n\n<p>Ellen var Jacobs flickv\u00e4n fram till hennes d\u00f6d ett \u00e5r innan h\u00e4ndelserna i Sinneskonflikten. Jacob beskrev Ellen som en ovanligt sn\u00e4ll, omt\u00e4nksam och glad person.<\/p>\n\n\n\n<h2 class=\"wp-block-heading\">Branden som f\u00f6rsvann<\/h2>\n\n\n\n<p>En kort novell som f\u00f6ljer en brandman som \u00e5terf\u00f6renas med en bekant fr\u00e5n sin ungdom. Branden som f\u00f6rsvann, utforskar hur alla relationer kan s\u00e4ttas p\u00e5 prov, lojalitet och vad varje m\u00e4nniska \u00e4r villig att g\u00f6ra f\u00f6r vad de \u00e4lskar eller vad de v\u00e4rderar h\u00f6gst.<\/p>\n\n\n\n<div data-wp-interactive=\"core\/file\" class=\"wp-block-file\"><object data-wp-bind--hidden=\"!state.hasPdfPreview\" hidden class=\"wp-block-file__embed\" data=\"https:\/\/stongdal.se\/wp-content\/uploads\/2026\/05\/BrandenSomForsvann.pdf\" type=\"application\/pdf\" style=\"width:100%;height:600px\" aria-label=\"Embed of BrandenSomForsvann.\"><\/object><a id=\"wp-block-file--media-7217eb26-c1fa-4d2b-a831-330277be1947\" href=\"https:\/\/stongdal.se\/wp-content\/uploads\/2026\/05\/BrandenSomForsvann.pdf\">BrandenSomForsvann<\/a><a href=\"https:\/\/stongdal.se\/wp-content\/uploads\/2026\/05\/BrandenSomForsvann.pdf\" class=\"wp-block-file__button wp-element-button\" download aria-describedby=\"wp-block-file--media-7217eb26-c1fa-4d2b-a831-330277be1947\">Download<\/a><\/div>\n\n\n\n<h2 class=\"wp-block-heading\">Assar Boss<\/h2>\n\n\n\n<p>Assar Boss \u00e4r en fiktiv v\u00e4rld skapad av Gustaf Rossi. Ber\u00e4ttelsen handlar om ett evigt krig mellan \u00c4nglarna i Himmeln och Demonerna i Helvetet. F\u00f6r l\u00e4nge sedan skapade guden Nious v\u00e4rlden. De lyckade skapelserna placerades i en annan dimension som kallas Verkligheten. D\u00e4r skapade Nious planeten Fasari f\u00f6r skapelserna att bos\u00e4tta sig.<\/p>\n\n\n\n<p>Men det fanns ocks\u00e5 misslyckade skapelser. Dessa \u00f6vergavs i en tredje dimension, Helvetet. De misslyckade skapelserna, kallade Demoner, mobiliserades under tre ledare, Demonherrarna Isuel, Assen och Assar Boss. Demonerna startade ett krig med ett m\u00e5l. Att ta kontroll \u00f6ver Himeln.<\/p>\n\n\n\n<p>Det f\u00f6rsta utkastet till en ber\u00e4ttelse i Assar Boss-universumet skapades 2003 d\u00e5 jag gick i andra klass i grundskolan. Originalber\u00e4ttelsen byggde p\u00e5 datorspelet Diablo 2. Under \u00e5ren utveckladas universumet till att bli en kortroman i september 2012.<\/p>\n\n\n\n<p><\/p>\n\n\n\n<h4 class=\"wp-block-heading\">Assar Boss: Demonherrarnas \u00c5terkomst<\/h4>\n\n\n\n<p>En bok har publicerats i detta universum. Boken f\u00f6ljer 15-\u00e5riga Tim Jones som f\u00e5r reda p\u00e5 att han \u00e4r \u00e4ttling till en av Fasaris m\u00e4ktigaste hj\u00e4ltar. Efter att ha blivit kidnappad av f\u00f6retaget Ecidcon blir han indragen i konflikten mellan Himmeln och Helvetet. Han tvingas att v\u00e4lja sida och uppfylla en profetia som skrevs f\u00f6r l\u00e4nge sedan. Men f\u00f6r att lyckas i sitt uppdrag blir han tvungen att \u00e5teruppleva sin f\u00f6rfader Anders&#8217; minnen i en ber\u00e4ttelse som utspelar sig i en helt annan tid.<\/p>\n\n\n\n<p>Det blir upp till Tim Jones att stoppa Ecidcons planer och f\u00f6rhindra att Demoherrarna \u00e5teruppst\u00e5r igen.<\/p>\n","protected":false},"excerpt":{"rendered":"<p>Under flera \u00e5rs tid har ett antal ber\u00e4ttelser tagit form. Mina f\u00f6rsta \u00e5r b\u00f6rjade jag en karri\u00e4r som f\u00f6rfattare innan jag gick \u00f6ver till videoproduktion. H\u00e4r f\u00e5r du veta mer om de originella ber\u00e4ttelser som jag skapat. Sinneskonflikten Sinneskonflikten \u00e4r ett psykologiskt drama som utspelar sig i dr\u00f6mmarnas v\u00e4rld. Ber\u00e4ttelsen f\u00f6ljer tjugotv\u00e5\u00e5riga Jacob som lider &hellip; <\/p>\n<p class=\"link-more\"><a href=\"https:\/\/stongdal.se\/?page_id=67\" class=\"more-link\">Read more<span class=\"screen-reader-text\"> &#8220;Egna ber\u00e4ttelser&#8221;<\/span><\/a><\/p>\n","protected":false},"author":1,"featured_media":82,"parent":0,"menu_order":0,"comment_status":"closed","ping_status":"closed","template":"","meta":{"inspiro_hide_title":false,"footnotes":""},"class_list":["post-67","page","type-page","status-publish","has-post-thumbnail","hentry"],"_links":{"self":[{"href":"https:\/\/stongdal.se\/index.php?rest_route=\/wp\/v2\/pages\/67","targetHints":{"allow":["GET"]}}],"collection":[{"href":"https:\/\/stongdal.se\/index.php?rest_route=\/wp\/v2\/pages"}],"about":[{"href":"https:\/\/stongdal.se\/index.php?rest_route=\/wp\/v2\/types\/page"}],"author":[{"embeddable":true,"href":"https:\/\/stongdal.se\/index.php?rest_route=\/wp\/v2\/users\/1"}],"replies":[{"embeddable":true,"href":"https:\/\/stongdal.se\/index.php?rest_route=%2Fwp%2Fv2%2Fcomments&post=67"}],"version-history":[{"count":5,"href":"https:\/\/stongdal.se\/index.php?rest_route=\/wp\/v2\/pages\/67\/revisions"}],"predecessor-version":[{"id":83,"href":"https:\/\/stongdal.se\/index.php?rest_route=\/wp\/v2\/pages\/67\/revisions\/83"}],"wp:featuredmedia":[{"embeddable":true,"href":"https:\/\/stongdal.se\/index.php?rest_route=\/wp\/v2\/media\/82"}],"wp:attachment":[{"href":"https:\/\/stongdal.se\/index.php?rest_route=%2Fwp%2Fv2%2Fmedia&parent=67"}],"curies":[{"name":"wp","href":"https:\/\/api.w.org\/{rel}","templated":true}]}}